{"id":139,"date":"2024-03-27T00:45:54","date_gmt":"2024-03-26T23:45:54","guid":{"rendered":"https:\/\/akirescort.ch\/?page_id=139"},"modified":"2025-03-19T16:42:05","modified_gmt":"2025-03-19T15:42:05","slug":"masseuses","status":"publish","type":"page","link":"https:\/\/akirescort.ch\/en\/masseuses\/","title":{"rendered":"Masseuses"},"content":{"rendered":"<style>.elementor-139 .elementor-element.elementor-element-394be7c:not(.elementor-motion-effects-element-type-background), .elementor-139 .elementor-element.elementor-element-394be7c > .elementor-motion-effects-container > .elementor-motion-effects-layer{background-image:url(\"https:\/\/akirescort.ch\/wp-content\/uploads\/2024\/03\/young-beautiful-lady-in-lingerie-and-white-shirt-t-2021-08-26-18-52-54-utc.jpg\");background-position:center center;background-size:cover;}.elementor-139 .elementor-element.elementor-element-394be7c > .elementor-background-overlay{background-color:#000000;opacity:0.31;transition:background 0.3s, border-radius 0.3s, opacity 0.3s;}.elementor-139 .elementor-element.elementor-element-394be7c > .elementor-container{max-width:1280px;}.elementor-139 .elementor-element.elementor-element-394be7c{transition:background 0.3s, border 0.3s, border-radius 0.3s, box-shadow 0.3s;padding:180px 0px 120px 0px;}.elementor-139 .elementor-element.elementor-element-2c63a137 > .elementor-element-populated{padding:0px 0px 0px 0px;}.elementor-139 .elementor-element.elementor-element-3ddd54e7{text-align:center;}.elementor-139 .elementor-element.elementor-element-3ddd54e7 .elementor-heading-title{font-family:var( --e-global-typography-secondary-font-family ), Sans-serif;font-size:var( --e-global-typography-secondary-font-size );font-weight:var( --e-global-typography-secondary-font-weight );text-transform:var( --e-global-typography-secondary-text-transform );color:var( --e-global-color-bbd710c );}.elementor-139 .elementor-element.elementor-element-3e5c670d > .elementor-container{max-width:1280px;}.elementor-139 .elementor-element.elementor-element-3e5c670d{padding:140px 0px 140px 0px;}.elementor-139 .elementor-element.elementor-element-7edadc48 > .elementor-element-populated{padding:0px 0px 0px 0px;}.elementor-139 .elementor-element.elementor-element-7453fdf1{text-align:center;}.elementor-139 .elementor-element.elementor-element-7453fdf1 .elementor-heading-title{font-family:var( --e-global-typography-secondary-font-family ), Sans-serif;font-size:var( --e-global-typography-secondary-font-size );font-weight:var( --e-global-typography-secondary-font-weight );text-transform:var( --e-global-typography-secondary-text-transform );}.elementor-139 .elementor-element.elementor-element-5b781def > .elementor-widget-container{margin:0px 0px 0px 0px;padding:0% 15% 0% 15%;}.elementor-139 .elementor-element.elementor-element-5b781def{text-align:center;font-family:var( --e-global-typography-text-font-family ), Sans-serif;font-size:var( --e-global-typography-text-font-size );font-weight:var( --e-global-typography-text-font-weight );text-transform:var( --e-global-typography-text-text-transform );}.elementor-139 .elementor-element.elementor-element-79a5b5c{--grid-columns:3;}@media(max-width:1024px){.elementor-139 .elementor-element.elementor-element-3ddd54e7 .elementor-heading-title{font-size:var( --e-global-typography-secondary-font-size );}.elementor-139 .elementor-element.elementor-element-3e5c670d{padding:140px 15px 100px 15px;}.elementor-139 .elementor-element.elementor-element-7453fdf1 .elementor-heading-title{font-size:var( --e-global-typography-secondary-font-size );}.elementor-139 .elementor-element.elementor-element-5b781def > .elementor-widget-container{padding:0% 15% 0% 15%;}.elementor-139 .elementor-element.elementor-element-5b781def{font-size:var( --e-global-typography-text-font-size );}.elementor-139 .elementor-element.elementor-element-79a5b5c{--grid-columns:2;}}@media(max-width:767px){.elementor-139 .elementor-element.elementor-element-3ddd54e7 .elementor-heading-title{font-size:var( --e-global-typography-secondary-font-size );}.elementor-139 .elementor-element.elementor-element-3e5c670d{padding:100px 10px 100px 10px;}.elementor-139 .elementor-element.elementor-element-7453fdf1 .elementor-heading-title{font-size:var( --e-global-typography-secondary-font-size );}.elementor-139 .elementor-element.elementor-element-5b781def > .elementor-widget-container{padding:0% 0% 0% 0%;}.elementor-139 .elementor-element.elementor-element-5b781def{font-size:var( --e-global-typography-text-font-size );}.elementor-139 .elementor-element.elementor-element-79a5b5c{--grid-columns:1;}}<\/style>\t\t<div data-elementor-type=\"wp-page\" data-elementor-id=\"139\" class=\"elementor elementor-139\" data-elementor-post-type=\"page\">\n\t\t\t\t\t\t<section class=\"elementor-section elementor-top-section elementor-element elementor-element-394be7c elementor-section-boxed elementor-section-height-default elementor-section-height-default\" data-id=\"394be7c\" data-element_type=\"section\" data-settings=\"{&quot;background_background&quot;:&quot;classic&quot;}\">\n\t\t\t\t\t\t\t<div class=\"elementor-background-overlay\"><\/div>\n\t\t\t\t\t\t\t<div class=\"elementor-container elementor-column-gap-default\">\n\t\t\t\t\t<div class=\"elementor-column elementor-col-100 elementor-top-column elementor-element elementor-element-2c63a137\" data-id=\"2c63a137\" data-element_type=\"column\">\n\t\t\t<div class=\"elementor-widget-wrap elementor-element-populated\">\n\t\t\t\t\t\t<div class=\"elementor-element elementor-element-3ddd54e7 elementor-widget elementor-widget-heading\" data-id=\"3ddd54e7\" data-element_type=\"widget\" data-widget_type=\"heading.default\">\n\t\t\t\t<div class=\"elementor-widget-container\">\n\t\t\t\t\t<h1 class=\"elementor-heading-title elementor-size-default\">Masseuses<\/h1>\t\t\t\t<\/div>\n\t\t\t\t<\/div>\n\t\t\t\t\t<\/div>\n\t\t<\/div>\n\t\t\t\t\t<\/div>\n\t\t<\/section>\n\t\t\t\t<section class=\"elementor-section elementor-top-section elementor-element elementor-element-3e5c670d elementor-section-boxed elementor-section-height-default elementor-section-height-default\" data-id=\"3e5c670d\" data-element_type=\"section\">\n\t\t\t\t\t\t<div class=\"elementor-container elementor-column-gap-default\">\n\t\t\t\t\t<div class=\"elementor-column elementor-col-100 elementor-top-column elementor-element elementor-element-7edadc48\" data-id=\"7edadc48\" data-element_type=\"column\">\n\t\t\t<div class=\"elementor-widget-wrap elementor-element-populated\">\n\t\t\t\t\t\t<div class=\"elementor-element elementor-element-7453fdf1 elementor-widget elementor-widget-heading\" data-id=\"7453fdf1\" data-element_type=\"widget\" data-widget_type=\"heading.default\">\n\t\t\t\t<div class=\"elementor-widget-container\">\n\t\t\t\t\t<h2 class=\"elementor-heading-title elementor-size-default\">Our erotic masseuses in Geneva<\/h2>\t\t\t\t<\/div>\n\t\t\t\t<\/div>\n\t\t\t\t<div class=\"elementor-element elementor-element-5b781def elementor-widget elementor-widget-text-editor\" data-id=\"5b781def\" data-element_type=\"widget\" data-widget_type=\"text-editor.default\">\n\t\t\t\t<div class=\"elementor-widget-container\">\n\t\t\t\t\t\t\t\t\t<p>Meet our team of professional masseuses, dedicated to your well-being and relaxation. Each brings her unique expertise to offer you an unforgettable massage experience.<\/p><p>Don't hesitate to make an appointment or visit us for a discovery session.<\/p>\t\t\t\t\t\t\t\t<\/div>\n\t\t\t\t<\/div>\n\t\t\t\t<div class=\"elementor-element elementor-element-79a5b5c elementor-grid-3 elementor-grid-tablet-2 elementor-grid-mobile-1 elementor-widget elementor-widget-loop-grid\" data-id=\"79a5b5c\" data-element_type=\"widget\" data-settings=\"{&quot;template_id&quot;:185,&quot;_skin&quot;:&quot;post&quot;,&quot;columns&quot;:&quot;3&quot;,&quot;columns_tablet&quot;:&quot;2&quot;,&quot;columns_mobile&quot;:&quot;1&quot;,&quot;edit_handle_selector&quot;:&quot;[data-elementor-type=\\&quot;loop-item\\&quot;]&quot;,&quot;row_gap&quot;:{&quot;unit&quot;:&quot;px&quot;,&quot;size&quot;:&quot;&quot;,&quot;sizes&quot;:[]},&quot;row_gap_tablet&quot;:{&quot;unit&quot;:&quot;px&quot;,&quot;size&quot;:&quot;&quot;,&quot;sizes&quot;:[]},&quot;row_gap_mobile&quot;:{&quot;unit&quot;:&quot;px&quot;,&quot;size&quot;:&quot;&quot;,&quot;sizes&quot;:[]}}\" data-widget_type=\"loop-grid.post\">\n\t\t\t\t<div class=\"elementor-widget-container\">\n\t\t\t\t\t\t\t<div class=\"elementor-loop-container elementor-grid\" role=\"list\">\n\t\t<style id=\"loop-dynamic-185\">.e-loop-item-1079 .elementor-element.elementor-element-011ace6:not(.elementor-motion-effects-element-type-background) > .elementor-widget-wrap, .e-loop-item-1079 .elementor-element.elementor-element-011ace6 > .elementor-widget-wrap > .elementor-motion-effects-container > .elementor-motion-effects-layer{background-image:url(\"https:\/\/akirescort.ch\/wp-content\/uploads\/2025\/04\/Daniela-Masseuse-a-Geneve-1.jpeg\");}<\/style><style id=\"loop-185\">.elementor-185 .elementor-element.elementor-element-011ace6 > .elementor-element-populated >  .elementor-background-overlay{background-color:var( --e-global-color-primary );opacity:0.3;}.elementor-185 .elementor-element.elementor-element-011ace6.elementor-column > .elementor-widget-wrap{justify-content:space-evenly;}.elementor-185 .elementor-element.elementor-element-011ace6:not(.elementor-motion-effects-element-type-background) > .elementor-widget-wrap, .elementor-185 .elementor-element.elementor-element-011ace6 > .elementor-widget-wrap > .elementor-motion-effects-container > .elementor-motion-effects-layer{background-position:top center;background-size:cover;}.elementor-185 .elementor-element.elementor-element-011ace6 > .elementor-element-populated{transition:background 0.4s, border 0.3s, border-radius 0.3s, box-shadow 0.3s;margin:0px 10px 0px 0px;--e-column-margin-right:10px;--e-column-margin-left:0px;padding:310px 40px 20px 40px;}.elementor-185 .elementor-element.elementor-element-011ace6 > .elementor-element-populated > .elementor-background-overlay{transition:background 0.8s, border-radius 0.3s, opacity 0.8s;}.elementor-185 .elementor-element.elementor-element-ce48cd6 .jeg-elementor-kit.jkit-heading{text-align:left;}.elementor-185 .elementor-element.elementor-element-ce48cd6 .jeg-elementor-kit.jkit-heading .heading-title{font-family:\"Cormorant\", Sans-serif;font-size:30px;font-weight:700;text-transform:uppercase;color:var( --e-global-color-bbd710c );}.elementor-185 .elementor-element.elementor-element-ce48cd6 .jeg-elementor-kit.jkit-heading .heading-section-title{margin:-15px 0px -10px 0px;}.elementor-185 .elementor-element.elementor-element-ce48cd6 .jeg-elementor-kit.jkit-heading .heading-title > span{font-family:\"Cormorant\", Sans-serif;font-size:50px;font-weight:500;text-transform:uppercase;padding:0px 0px 0px 0px;}.elementor-185 .elementor-element.elementor-element-ce48cd6 .jeg-elementor-kit.jkit-heading .heading-section-description{color:#FFFFFF;font-family:var( --e-global-typography-text-font-family ), Sans-serif;font-size:var( --e-global-typography-text-font-size );font-weight:var( --e-global-typography-text-font-weight );text-transform:var( --e-global-typography-text-text-transform );margin:0px 0px -10px 0px;}.elementor-185 .elementor-element.elementor-element-08e4538 .elementor-button{background-color:#FFFFFF00;fill:var( --e-global-color-bbd710c );color:var( --e-global-color-bbd710c );border-style:solid;border-width:1px 1px 1px 1px;border-color:var( --e-global-color-bbd710c );border-radius:0px 0px 0px 0px;padding:18px 38px 18px 38px;}.elementor-185 .elementor-element.elementor-element-08e4538 .elementor-button:hover, .elementor-185 .elementor-element.elementor-element-08e4538 .elementor-button:focus{background-color:var( --e-global-color-accent );color:var( --e-global-color-bbd710c );border-color:var( --e-global-color-accent );}.elementor-185 .elementor-element.elementor-element-08e4538 .elementor-button:hover svg, .elementor-185 .elementor-element.elementor-element-08e4538 .elementor-button:focus svg{fill:var( --e-global-color-bbd710c );}@media(max-width:1024px){.elementor-185 .elementor-element.elementor-element-ce48cd6 .jeg-elementor-kit.jkit-heading .heading-section-description{font-size:var( --e-global-typography-text-font-size );}}@media(max-width:767px){.elementor-185 .elementor-element.elementor-element-011ace6:not(.elementor-motion-effects-element-type-background) > .elementor-widget-wrap, .elementor-185 .elementor-element.elementor-element-011ace6 > .elementor-widget-wrap > .elementor-motion-effects-container > .elementor-motion-effects-layer{background-position:center left;}.elementor-185 .elementor-element.elementor-element-011ace6 > .elementor-element-populated{margin:0px 0px 10px 0px;--e-column-margin-right:0px;--e-column-margin-left:0px;}.elementor-185 .elementor-element.elementor-element-ce48cd6 .jeg-elementor-kit.jkit-heading .heading-section-description{font-size:var( --e-global-typography-text-font-size );}}<\/style>\t\t<div data-elementor-type=\"loop-item\" data-elementor-id=\"185\" class=\"elementor elementor-185 e-loop-item e-loop-item-1079 post-1079 masseuse type-masseuse status-publish has-post-thumbnail hentry\" data-elementor-post-type=\"elementor_library\" data-custom-edit-handle=\"1\">\n\t\t\t\t\t<section class=\"elementor-section elementor-top-section elementor-element elementor-element-d990693 elementor-section-boxed elementor-section-height-default elementor-section-height-default\" data-id=\"d990693\" data-element_type=\"section\">\n\t\t\t\t\t\t<div class=\"elementor-container elementor-column-gap-default\">\n\t\t\t\t\t<div class=\"elementor-column elementor-col-100 elementor-top-column elementor-element elementor-element-011ace6 animated-slow elementor-invisible\" data-id=\"011ace6\" data-element_type=\"column\" data-settings=\"{&quot;background_background&quot;:&quot;classic&quot;,&quot;animation&quot;:&quot;fadeInLeft&quot;}\">\n\t\t\t<div class=\"elementor-widget-wrap elementor-element-populated\">\n\t\t\t\t\t<div class=\"elementor-background-overlay\"><\/div>\n\t\t\t\t\t\t<div class=\"elementor-element elementor-element-ce48cd6 elementor-widget elementor-widget-jkit_heading\" data-id=\"ce48cd6\" data-element_type=\"widget\" data-widget_type=\"jkit_heading.default\">\n\t\t\t\t<div class=\"elementor-widget-container\">\n\t\t\t\t\t<div  class=\"jeg-elementor-kit jkit-heading  align- align-tablet- align-mobile- jeg_module___69d4f49ab02aa\" ><div class=\"heading-section-title  display-inline-block\"><h2 class=\"heading-title\"><\/h2><\/div><div class=\"heading-section-description\">Daniela<\/div><\/div>\t\t\t\t<\/div>\n\t\t\t\t<\/div>\n\t\t\t\t<div class=\"elementor-element elementor-element-08e4538 elementor-align-left elementor-widget elementor-widget-button\" data-id=\"08e4538\" data-element_type=\"widget\" data-widget_type=\"button.default\">\n\t\t\t\t<div class=\"elementor-widget-container\">\n\t\t\t\t\t\t\t\t\t<div class=\"elementor-button-wrapper\">\n\t\t\t\t\t<a class=\"elementor-button elementor-button-link elementor-size-sm\" href=\"https:\/\/akirescort.ch\/en\/masseuse\/daniela\/\">\n\t\t\t\t\t\t<span class=\"elementor-button-content-wrapper\">\n\t\t\t\t\t\t\t\t\t<span class=\"elementor-button-text\">View profile<\/span>\n\t\t\t\t\t<\/span>\n\t\t\t\t\t<\/a>\n\t\t\t\t<\/div>\n\t\t\t\t\t\t\t\t<\/div>\n\t\t\t\t<\/div>\n\t\t\t\t\t<\/div>\n\t\t<\/div>\n\t\t\t\t\t<\/div>\n\t\t<\/section>\n\t\t\t\t<\/div>\n\t\t<style id=\"loop-dynamic-185\">.e-loop-item-948 .elementor-element.elementor-element-011ace6:not(.elementor-motion-effects-element-type-background) > .elementor-widget-wrap, .e-loop-item-948 .elementor-element.elementor-element-011ace6 > .elementor-widget-wrap > .elementor-motion-effects-container > .elementor-motion-effects-layer{background-image:url(\"https:\/\/akirescort.ch\/wp-content\/uploads\/2024\/12\/Masseuse-erotique-geneva-angel-4.jpeg\");}<\/style>\t\t<div data-elementor-type=\"loop-item\" data-elementor-id=\"185\" class=\"elementor elementor-185 e-loop-item e-loop-item-948 post-948 masseuse type-masseuse status-publish has-post-thumbnail hentry\" data-elementor-post-type=\"elementor_library\" data-custom-edit-handle=\"1\">\n\t\t\t\t\t<section class=\"elementor-section elementor-top-section elementor-element elementor-element-d990693 elementor-section-boxed elementor-section-height-default elementor-section-height-default\" data-id=\"d990693\" data-element_type=\"section\">\n\t\t\t\t\t\t<div class=\"elementor-container elementor-column-gap-default\">\n\t\t\t\t\t<div class=\"elementor-column elementor-col-100 elementor-top-column elementor-element elementor-element-011ace6 animated-slow elementor-invisible\" data-id=\"011ace6\" data-element_type=\"column\" data-settings=\"{&quot;background_background&quot;:&quot;classic&quot;,&quot;animation&quot;:&quot;fadeInLeft&quot;}\">\n\t\t\t<div class=\"elementor-widget-wrap elementor-element-populated\">\n\t\t\t\t\t<div class=\"elementor-background-overlay\"><\/div>\n\t\t\t\t\t\t<div class=\"elementor-element elementor-element-ce48cd6 elementor-widget elementor-widget-jkit_heading\" data-id=\"ce48cd6\" data-element_type=\"widget\" data-widget_type=\"jkit_heading.default\">\n\t\t\t\t<div class=\"elementor-widget-container\">\n\t\t\t\t\t<div  class=\"jeg-elementor-kit jkit-heading  align- align-tablet- align-mobile- jeg_module__1_69d4f49ab31c0\" ><div class=\"heading-section-title  display-inline-block\"><h2 class=\"heading-title\"><\/h2><\/div><div class=\"heading-section-description\">Angel<\/div><\/div>\t\t\t\t<\/div>\n\t\t\t\t<\/div>\n\t\t\t\t<div class=\"elementor-element elementor-element-08e4538 elementor-align-left elementor-widget elementor-widget-button\" data-id=\"08e4538\" data-element_type=\"widget\" data-widget_type=\"button.default\">\n\t\t\t\t<div class=\"elementor-widget-container\">\n\t\t\t\t\t\t\t\t\t<div class=\"elementor-button-wrapper\">\n\t\t\t\t\t<a class=\"elementor-button elementor-button-link elementor-size-sm\" href=\"https:\/\/akirescort.ch\/en\/masseuse\/angel\/\">\n\t\t\t\t\t\t<span class=\"elementor-button-content-wrapper\">\n\t\t\t\t\t\t\t\t\t<span class=\"elementor-button-text\">View profile<\/span>\n\t\t\t\t\t<\/span>\n\t\t\t\t\t<\/a>\n\t\t\t\t<\/div>\n\t\t\t\t\t\t\t\t<\/div>\n\t\t\t\t<\/div>\n\t\t\t\t\t<\/div>\n\t\t<\/div>\n\t\t\t\t\t<\/div>\n\t\t<\/section>\n\t\t\t\t<\/div>\n\t\t<style id=\"loop-dynamic-185\">.e-loop-item-215 .elementor-element.elementor-element-011ace6:not(.elementor-motion-effects-element-type-background) > .elementor-widget-wrap, .e-loop-item-215 .elementor-element.elementor-element-011ace6 > .elementor-widget-wrap > .elementor-motion-effects-container > .elementor-motion-effects-layer{background-image:url(\"https:\/\/akirescort.ch\/wp-content\/uploads\/2024\/03\/Monica-Masseuse-Geneve-3-1.jpeg\");}<\/style>\t\t<div data-elementor-type=\"loop-item\" data-elementor-id=\"185\" class=\"elementor elementor-185 e-loop-item e-loop-item-215 post-215 masseuse type-masseuse status-publish has-post-thumbnail hentry\" data-elementor-post-type=\"elementor_library\" data-custom-edit-handle=\"1\">\n\t\t\t\t\t<section class=\"elementor-section elementor-top-section elementor-element elementor-element-d990693 elementor-section-boxed elementor-section-height-default elementor-section-height-default\" data-id=\"d990693\" data-element_type=\"section\">\n\t\t\t\t\t\t<div class=\"elementor-container elementor-column-gap-default\">\n\t\t\t\t\t<div class=\"elementor-column elementor-col-100 elementor-top-column elementor-element elementor-element-011ace6 animated-slow elementor-invisible\" data-id=\"011ace6\" data-element_type=\"column\" data-settings=\"{&quot;background_background&quot;:&quot;classic&quot;,&quot;animation&quot;:&quot;fadeInLeft&quot;}\">\n\t\t\t<div class=\"elementor-widget-wrap elementor-element-populated\">\n\t\t\t\t\t<div class=\"elementor-background-overlay\"><\/div>\n\t\t\t\t\t\t<div class=\"elementor-element elementor-element-ce48cd6 elementor-widget elementor-widget-jkit_heading\" data-id=\"ce48cd6\" data-element_type=\"widget\" data-widget_type=\"jkit_heading.default\">\n\t\t\t\t<div class=\"elementor-widget-container\">\n\t\t\t\t\t<div  class=\"jeg-elementor-kit jkit-heading  align- align-tablet- align-mobile- jeg_module__2_69d4f49ab5f8d\" ><div class=\"heading-section-title  display-inline-block\"><h2 class=\"heading-title\"><\/h2><\/div><div class=\"heading-section-description\">Monica<\/div><\/div>\t\t\t\t<\/div>\n\t\t\t\t<\/div>\n\t\t\t\t<div class=\"elementor-element elementor-element-08e4538 elementor-align-left elementor-widget elementor-widget-button\" data-id=\"08e4538\" data-element_type=\"widget\" data-widget_type=\"button.default\">\n\t\t\t\t<div class=\"elementor-widget-container\">\n\t\t\t\t\t\t\t\t\t<div class=\"elementor-button-wrapper\">\n\t\t\t\t\t<a class=\"elementor-button elementor-button-link elementor-size-sm\" href=\"https:\/\/akirescort.ch\/en\/masseuse\/monica\/\">\n\t\t\t\t\t\t<span class=\"elementor-button-content-wrapper\">\n\t\t\t\t\t\t\t\t\t<span class=\"elementor-button-text\">View profile<\/span>\n\t\t\t\t\t<\/span>\n\t\t\t\t\t<\/a>\n\t\t\t\t<\/div>\n\t\t\t\t\t\t\t\t<\/div>\n\t\t\t\t<\/div>\n\t\t\t\t\t<\/div>\n\t\t<\/div>\n\t\t\t\t\t<\/div>\n\t\t<\/section>\n\t\t\t\t<\/div>\n\t\t\t\t<\/div>\n\t\t\n\t\t\t\t\t\t<\/div>\n\t\t\t\t<\/div>\n\t\t\t\t\t<\/div>\n\t\t<\/div>\n\t\t\t\t\t<\/div>\n\t\t<\/section>\n\t\t\t\t<\/div>","protected":false},"excerpt":{"rendered":"<p>Masseuses Nos masseuses \u00e9rotique \u00e0 Gen\u00e8ve Rencontrez notre \u00e9quipe de masseuses professionnelles, d\u00e9di\u00e9es \u00e0 votre bien-\u00eatre et \u00e0 votre d\u00e9tente. Chacune apporte son expertise unique pour vous offrir une exp\u00e9rience de massage inoubliable. N&rsquo;h\u00e9sitez pas \u00e0 prendre rendez-vous ou \u00e0 nous visiter pour une s\u00e9ance de d\u00e9couverte.<\/p>","protected":false},"author":1,"featured_media":48,"parent":0,"menu_order":0,"comment_status":"closed","ping_status":"closed","template":"elementor_header_footer","meta":{"_acf_changed":false,"footnotes":""},"class_list":["post-139","page","type-page","status-publish","has-post-thumbnail","hentry"],"acf":[],"_links":{"self":[{"href":"https:\/\/akirescort.ch\/en\/wp-json\/wp\/v2\/pages\/139","targetHints":{"allow":["GET"]}}],"collection":[{"href":"https:\/\/akirescort.ch\/en\/wp-json\/wp\/v2\/pages"}],"about":[{"href":"https:\/\/akirescort.ch\/en\/wp-json\/wp\/v2\/types\/page"}],"author":[{"embeddable":true,"href":"https:\/\/akirescort.ch\/en\/wp-json\/wp\/v2\/users\/1"}],"replies":[{"embeddable":true,"href":"https:\/\/akirescort.ch\/en\/wp-json\/wp\/v2\/comments?post=139"}],"version-history":[{"count":1,"href":"https:\/\/akirescort.ch\/en\/wp-json\/wp\/v2\/pages\/139\/revisions"}],"predecessor-version":[{"id":1056,"href":"https:\/\/akirescort.ch\/en\/wp-json\/wp\/v2\/pages\/139\/revisions\/1056"}],"wp:featuredmedia":[{"embeddable":true,"href":"https:\/\/akirescort.ch\/en\/wp-json\/wp\/v2\/media\/48"}],"wp:attachment":[{"href":"https:\/\/akirescort.ch\/en\/wp-json\/wp\/v2\/media?parent=139"}],"curies":[{"name":"wp","href":"https:\/\/api.w.org\/{rel}","templated":true}]}}